{"id":307,"date":"2024-11-13T12:49:45","date_gmt":"2024-11-13T12:49:45","guid":{"rendered":"https:\/\/2024.amrit.de\/imprint\/"},"modified":"2025-02-03T08:59:56","modified_gmt":"2025-02-03T08:59:56","slug":"imprint","status":"publish","type":"page","link":"https:\/\/amrit.de\/en\/imprint\/","title":{"rendered":"Imprint"},"content":{"rendered":"\n<h3 class=\"wp-block-heading\">According to \u00a7 5 TMG:<\/h3>\n\n\n\n<p><strong>Bans&amp;Bans GBR<\/strong><br>represented by the partners:<br>Balbir Bans and Harmeet Singh Bans<br><br>Oranienburger Strasse 45<br>10117 Berlin Mitte<br>Tel:+49 (0)30 280 454 81\/ 82<br>Fax: +49 (0)30 280 454 83<br>Email: bans-bans@amrit.de<br><br><strong>Bans &amp; Bans GbR offices:<\/strong><br>AMRIT Restaurant Berlin Mitte<br>Oranienburger Str. 45 10117<br><br><strong>Alternative AMRIT branches<\/strong><br>Bans &amp; Bans GbR<br>represented by the managing directors Balbir Bans and Harmeet Bans<br>Oranienburger Str. 45<br>10117 Berlin<br><br>AMRIT I GmbH<br>vertreten durch den Gesch\u00e4ftsf\u00fchrer Vijay Bans<br>Oranienstra\u00dfe 202-204<br>10999 Berlin<br>HRB148125B<br><br>AMRIT III GmbH<br>represented by the managing director Rajendra Kathri<br>Winterfeldtstr. 40<br>10781 Berlin<br>HRB147075B<\/p>\n\n\n\n<p><br>AMRIT IV GmbH<br>represented by the managing director Dashmesh Kathuria<br>Ebertstr. 14<br>10117 Berlin<br>HRB 149921 B<br>Telephone: +49 (0) 30 308 777 6 0 (headquarters)<br>Fax: +49 (0) 30 308 777 6 200<br>Mail: info@amrit.de<br>www.amrit.de<br>Ust-ID: DE290388925<br><br><strong>Public liability insurance:<\/strong><br>BGN Berufsgenossenschaft Nahrungsmittel und Gastgewerbe (Bezirksverwaltung Berlin)<br><br><strong>Supervisory authority:<\/strong><br>Stadt Berlin \u2013 Bezirksamt Mitte \u2013 Ordnungsamt<br><br><strong>dispute settlement<\/strong><br>The European Commission provides a platform for online dispute resolution (OS): https:\/\/ec.europa.eu\/consumers\/odr.<br>You can find our email address in the imprint above.<br><br>We are not willing or obliged to participate in dispute resolution proceedings before a consumer arbitration board.<br><br><strong>Liability for content<\/strong><br>As a service provider, we are responsible for our own content on these pages in accordance with Section 7 (1) of the German Telemedia Act. According to \u00a7\u00a7 8 to 10 TMG, we as a service provider are not obliged to monitor transmitted or stored third-party information or to research circumstances that indicate illegal activity.<br><br>Obligations to remove or block the use of information according to general laws remain unaffected. However, liability in this regard is only possible from the time we become aware of a specific legal violation. As soon as we become aware of such violations, we will remove this content immediately.<br><br><strong>Liability for links<\/strong><br>Our offer contains links to external websites of third parties, the content of which we have no influence on. For this reason, we cannot accept any liability for this external content. The respective provider or operator is always responsible for the content of the linked pages. The linked pages were checked for possible legal violations at the time the link was created. No illegal content was discernible at the time the link was created.<br>A permanent control of the content of the linked pages is not reasonable without concrete evidence of an infringement. As soon as we become aware of legal violations, we will remove such links immediately.<br><br><strong>copyright<\/strong><br>The content and works on these pages created by the site operator are subject to German copyright law. The duplication, processing, distribution and any kind of use beyond the limits of copyright law require the written consent of the respective author or creator. Downloads and copies of this page are only permitted for private, non-commercial use.<br><br>As far as the content on this page was not created by the operator, the copyrights of third parties are respected. In particular contents of third parties are marked as such. Should you nevertheless become aware of a copyright infringement, please let us know. As soon as we become aware of legal violations, we will remove such content immediately.<\/p>\n","protected":false},"excerpt":{"rendered":"<p>According to \u00a7 5 TMG: Bans&amp;Bans GBRrepresented by the partners:Balbir Bans and Harmeet Singh Bans Oranienburger Strasse 4510117 Berlin MitteTel:+49&#8230;<\/p>\n","protected":false},"author":1,"featured_media":0,"parent":0,"menu_order":0,"comment_status":"closed","ping_status":"closed","template":"","meta":{"footnotes":""},"class_list":["post-307","page","type-page","status-publish","hentry"],"yoast_head":"<!-- This site is optimized with the Yoast SEO plugin v27.3 - https:\/\/yoast.com\/product\/yoast-seo-wordpress\/ -->\n<title>Imprint - AMRIT Berlin<\/title>\n<meta name=\"robots\" content=\"index, follow, max-snippet:-1, max-image-preview:large, max-video-preview:-1\" \/>\n<link rel=\"canonical\" href=\"https:\/\/amrit.de\/en\/imprint\/\" \/>\n<meta property=\"og:locale\" content=\"en_US\" \/>\n<meta property=\"og:type\" content=\"article\" \/>\n<meta property=\"og:title\" content=\"Imprint - AMRIT Berlin\" \/>\n<meta property=\"og:description\" content=\"According to \u00a7 5 TMG: Bans&amp;Bans GBRrepresented by the partners:Balbir Bans and Harmeet Singh Bans Oranienburger Strasse 4510117 Berlin MitteTel:+49...\" \/>\n<meta property=\"og:url\" content=\"https:\/\/amrit.de\/en\/imprint\/\" \/>\n<meta property=\"og:site_name\" content=\"AMRIT Berlin\" \/>\n<meta property=\"article:publisher\" content=\"https:\/\/www.facebook.com\/amrit.berlin\/\" \/>\n<meta property=\"article:modified_time\" content=\"2025-02-03T08:59:56+00:00\" \/>\n<meta property=\"og:image\" content=\"https:\/\/amrit.de\/wp-content\/uploads\/2026\/03\/socialmedia.jpg\" \/>\n\t<meta property=\"og:image:width\" content=\"1200\" \/>\n\t<meta property=\"og:image:height\" content=\"675\" \/>\n\t<meta property=\"og:image:type\" content=\"image\/jpeg\" \/>\n<meta name=\"twitter:card\" content=\"summary_large_image\" \/>\n<meta name=\"twitter:label1\" content=\"Est. reading time\" \/>\n\t<meta name=\"twitter:data1\" content=\"3 minutes\" \/>\n<script type=\"application\/ld+json\" class=\"yoast-schema-graph\">{\"@context\":\"https:\\\/\\\/schema.org\",\"@graph\":[{\"@type\":\"WebPage\",\"@id\":\"https:\\\/\\\/amrit.de\\\/en\\\/imprint\\\/\",\"url\":\"https:\\\/\\\/amrit.de\\\/en\\\/imprint\\\/\",\"name\":\"Imprint - AMRIT Berlin\",\"isPartOf\":{\"@id\":\"https:\\\/\\\/amrit.de\\\/en\\\/#website\"},\"datePublished\":\"2024-11-13T12:49:45+00:00\",\"dateModified\":\"2025-02-03T08:59:56+00:00\",\"breadcrumb\":{\"@id\":\"https:\\\/\\\/amrit.de\\\/en\\\/imprint\\\/#breadcrumb\"},\"inLanguage\":\"en-US\",\"potentialAction\":[{\"@type\":\"ReadAction\",\"target\":[\"https:\\\/\\\/amrit.de\\\/en\\\/imprint\\\/\"]}]},{\"@type\":\"BreadcrumbList\",\"@id\":\"https:\\\/\\\/amrit.de\\\/en\\\/imprint\\\/#breadcrumb\",\"itemListElement\":[{\"@type\":\"ListItem\",\"position\":1,\"name\":\"Startseite\",\"item\":\"https:\\\/\\\/amrit.de\\\/en\\\/\"},{\"@type\":\"ListItem\",\"position\":2,\"name\":\"Imprint\"}]},{\"@type\":\"WebSite\",\"@id\":\"https:\\\/\\\/amrit.de\\\/en\\\/#website\",\"url\":\"https:\\\/\\\/amrit.de\\\/en\\\/\",\"name\":\"Amrit Berlin\",\"description\":\"Indian Restaurant & Cocktail Bar\",\"publisher\":{\"@id\":\"https:\\\/\\\/amrit.de\\\/en\\\/#organization\"},\"alternateName\":\"Amrit\",\"potentialAction\":[{\"@type\":\"SearchAction\",\"target\":{\"@type\":\"EntryPoint\",\"urlTemplate\":\"https:\\\/\\\/amrit.de\\\/en\\\/?s={search_term_string}\"},\"query-input\":{\"@type\":\"PropertyValueSpecification\",\"valueRequired\":true,\"valueName\":\"search_term_string\"}}],\"inLanguage\":\"en-US\"},{\"@type\":\"Organization\",\"@id\":\"https:\\\/\\\/amrit.de\\\/en\\\/#organization\",\"name\":\"Amrit Berlin\",\"alternateName\":\"Indisches Restaurant & Cocktail Bar\",\"url\":\"https:\\\/\\\/amrit.de\\\/en\\\/\",\"logo\":{\"@type\":\"ImageObject\",\"inLanguage\":\"en-US\",\"@id\":\"https:\\\/\\\/amrit.de\\\/en\\\/#\\\/schema\\\/logo\\\/image\\\/\",\"url\":\"https:\\\/\\\/amrit.de\\\/wp-content\\\/uploads\\\/2025\\\/02\\\/apple-touch-icon.png\",\"contentUrl\":\"https:\\\/\\\/amrit.de\\\/wp-content\\\/uploads\\\/2025\\\/02\\\/apple-touch-icon.png\",\"width\":512,\"height\":512,\"caption\":\"Amrit Berlin\"},\"image\":{\"@id\":\"https:\\\/\\\/amrit.de\\\/en\\\/#\\\/schema\\\/logo\\\/image\\\/\"},\"sameAs\":[\"https:\\\/\\\/www.facebook.com\\\/amrit.berlin\\\/\",\"https:\\\/\\\/www.instagram.com\\\/amrit_berlin\\\/\",\"https:\\\/\\\/www.linkedin.com\\\/company\\\/amrit-restaurants-berlin\\\/\"]}]}<\/script>\n<!-- \/ Yoast SEO plugin. -->","yoast_head_json":{"title":"Imprint - AMRIT Berlin","robots":{"index":"index","follow":"follow","max-snippet":"max-snippet:-1","max-image-preview":"max-image-preview:large","max-video-preview":"max-video-preview:-1"},"canonical":"https:\/\/amrit.de\/en\/imprint\/","og_locale":"en_US","og_type":"article","og_title":"Imprint - AMRIT Berlin","og_description":"According to \u00a7 5 TMG: Bans&amp;Bans GBRrepresented by the partners:Balbir Bans and Harmeet Singh Bans Oranienburger Strasse 4510117 Berlin MitteTel:+49...","og_url":"https:\/\/amrit.de\/en\/imprint\/","og_site_name":"AMRIT Berlin","article_publisher":"https:\/\/www.facebook.com\/amrit.berlin\/","article_modified_time":"2025-02-03T08:59:56+00:00","og_image":[{"width":1200,"height":675,"url":"https:\/\/amrit.de\/wp-content\/uploads\/2026\/03\/socialmedia.jpg","type":"image\/jpeg"}],"twitter_card":"summary_large_image","twitter_misc":{"Est. reading time":"3 minutes"},"schema":{"@context":"https:\/\/schema.org","@graph":[{"@type":"WebPage","@id":"https:\/\/amrit.de\/en\/imprint\/","url":"https:\/\/amrit.de\/en\/imprint\/","name":"Imprint - AMRIT Berlin","isPartOf":{"@id":"https:\/\/amrit.de\/en\/#website"},"datePublished":"2024-11-13T12:49:45+00:00","dateModified":"2025-02-03T08:59:56+00:00","breadcrumb":{"@id":"https:\/\/amrit.de\/en\/imprint\/#breadcrumb"},"inLanguage":"en-US","potentialAction":[{"@type":"ReadAction","target":["https:\/\/amrit.de\/en\/imprint\/"]}]},{"@type":"BreadcrumbList","@id":"https:\/\/amrit.de\/en\/imprint\/#breadcrumb","itemListElement":[{"@type":"ListItem","position":1,"name":"Startseite","item":"https:\/\/amrit.de\/en\/"},{"@type":"ListItem","position":2,"name":"Imprint"}]},{"@type":"WebSite","@id":"https:\/\/amrit.de\/en\/#website","url":"https:\/\/amrit.de\/en\/","name":"Amrit Berlin","description":"Indian Restaurant & Cocktail Bar","publisher":{"@id":"https:\/\/amrit.de\/en\/#organization"},"alternateName":"Amrit","potentialAction":[{"@type":"SearchAction","target":{"@type":"EntryPoint","urlTemplate":"https:\/\/amrit.de\/en\/?s={search_term_string}"},"query-input":{"@type":"PropertyValueSpecification","valueRequired":true,"valueName":"search_term_string"}}],"inLanguage":"en-US"},{"@type":"Organization","@id":"https:\/\/amrit.de\/en\/#organization","name":"Amrit Berlin","alternateName":"Indisches Restaurant & Cocktail Bar","url":"https:\/\/amrit.de\/en\/","logo":{"@type":"ImageObject","inLanguage":"en-US","@id":"https:\/\/amrit.de\/en\/#\/schema\/logo\/image\/","url":"https:\/\/amrit.de\/wp-content\/uploads\/2025\/02\/apple-touch-icon.png","contentUrl":"https:\/\/amrit.de\/wp-content\/uploads\/2025\/02\/apple-touch-icon.png","width":512,"height":512,"caption":"Amrit Berlin"},"image":{"@id":"https:\/\/amrit.de\/en\/#\/schema\/logo\/image\/"},"sameAs":["https:\/\/www.facebook.com\/amrit.berlin\/","https:\/\/www.instagram.com\/amrit_berlin\/","https:\/\/www.linkedin.com\/company\/amrit-restaurants-berlin\/"]}]}},"_links":{"self":[{"href":"https:\/\/amrit.de\/en\/wp-json\/wp\/v2\/pages\/307","targetHints":{"allow":["GET"]}}],"collection":[{"href":"https:\/\/amrit.de\/en\/wp-json\/wp\/v2\/pages"}],"about":[{"href":"https:\/\/amrit.de\/en\/wp-json\/wp\/v2\/types\/page"}],"author":[{"embeddable":true,"href":"https:\/\/amrit.de\/en\/wp-json\/wp\/v2\/users\/1"}],"replies":[{"embeddable":true,"href":"https:\/\/amrit.de\/en\/wp-json\/wp\/v2\/comments?post=307"}],"version-history":[{"count":7,"href":"https:\/\/amrit.de\/en\/wp-json\/wp\/v2\/pages\/307\/revisions"}],"predecessor-version":[{"id":365,"href":"https:\/\/amrit.de\/en\/wp-json\/wp\/v2\/pages\/307\/revisions\/365"}],"wp:attachment":[{"href":"https:\/\/amrit.de\/en\/wp-json\/wp\/v2\/media?parent=307"}],"curies":[{"name":"wp","href":"https:\/\/api.w.org\/{rel}","templated":true}]}}